{"id":14,"date":"2021-01-08T04:11:25","date_gmt":"2021-01-08T04:11:25","guid":{"rendered":"https:\/\/eboat.moxiworks.com\/jayjhand\/about-me"},"modified":"2021-01-08T04:11:25","modified_gmt":"2021-01-08T04:11:25","slug":"about-me","status":"publish","type":"page","link":"https:\/\/jayjhand.c21.ca\/fr-ca\/about-me","title":{"rendered":"\u00c0 PROPOS DE MOI"},"content":{"rendered":"\n<h1>\n\t\t\u00c0 propos de moi\n\t<\/h1>\n<h2>\n\t\tNOUVELLES DU QUARTIER\n\t<\/h2>\n\t<p>Vous voulez en savoir plus sur un quartier en particulier? Remplissez le formulaire pour d\u00e9marrer.<\/p>\n\t\t\t<a href=\"\/fr-ca\/neighborhood-news\" target=\"_self\" rel=\"noopener\">\n\t\t\t\t\t\t\tCOMMENCER\n\t\t\t\t\t<\/a>\n\t\t\t\t<img decoding=\"async\" src=\"https:\/\/templates.c21canada.moxiworks.net\/files\/2021\/02\/french_neighborhood-news-iphone-mockup-cropped-1024x942-1.png\" alt=\"french_neighborhood-news-iphone-mockup-cropped-1024x942\" height=\"942\" width=\"1024\" title=\"french_neighborhood-news-iphone-mockup-cropped-1024x942\" \/>\n<h2>\n\t\tPR\u00caT POUR LA PROCHAINE \u00c9TAPE?\n\t<\/h2>\n\t<p>Je me ferai un plaisir de vous aider \u00e0 r\u00e9aliser vos objectifs d&#8217;accession \u00e0 la propri\u00e9t\u00e9. Communiquez avec moi pour entamer vos d\u00e9marches d\u00e8s aujourd&#8217;hui. Ce que je propose :<\/p>\n\n","protected":false},"excerpt":{"rendered":"<p>\u00c0 propos de moi NOUVELLES DU QUARTIER Vous voulez en savoir plus sur un quartier en particulier? Remplissez le formulaire pour d\u00e9marrer. COMMENCER PR\u00caT POUR LA PROCHAINE \u00c9TAPE? Je me ferai un plaisir de vous aider \u00e0 r\u00e9aliser vos objectifs d&#8217;accession \u00e0 la propri\u00e9t\u00e9. Communiquez avec moi pour entamer vos d\u00e9marches d\u00e8s aujourd&#8217;hui. Ce que [&hellip;]<\/p>\n","protected":false},"author":14684,"featured_media":1873,"parent":0,"menu_order":0,"comment_status":"closed","ping_status":"closed","template":"","meta":{"footnotes":""},"class_list":["post-14","page","type-page","status-publish","has-post-thumbnail","hentry"],"_links":{"self":[{"href":"https:\/\/jayjhand.c21.ca\/fr-ca\/wp-json\/wp\/v2\/pages\/14","targetHints":{"allow":["GET"]}}],"collection":[{"href":"https:\/\/jayjhand.c21.ca\/fr-ca\/wp-json\/wp\/v2\/pages"}],"about":[{"href":"https:\/\/jayjhand.c21.ca\/fr-ca\/wp-json\/wp\/v2\/types\/page"}],"author":[{"embeddable":true,"href":"https:\/\/jayjhand.c21.ca\/fr-ca\/wp-json\/wp\/v2\/users\/14684"}],"replies":[{"embeddable":true,"href":"https:\/\/jayjhand.c21.ca\/fr-ca\/wp-json\/wp\/v2\/comments?post=14"}],"version-history":[{"count":0,"href":"https:\/\/jayjhand.c21.ca\/fr-ca\/wp-json\/wp\/v2\/pages\/14\/revisions"}],"wp:featuredmedia":[{"embeddable":true,"href":"https:\/\/jayjhand.c21.ca\/fr-ca\/wp-json\/"}],"wp:attachment":[{"href":"https:\/\/jayjhand.c21.ca\/fr-ca\/wp-json\/wp\/v2\/media?parent=14"}],"curies":[{"name":"wp","href":"https:\/\/api.w.org\/{rel}","templated":true}]}}